{"id":1832,"date":"2026-01-21T06:45:46","date_gmt":"2026-01-21T05:45:46","guid":{"rendered":"https:\/\/my-mountain-moments.com\/condizioni-di-prenotazione-mmm\/"},"modified":"2026-03-14T12:19:39","modified_gmt":"2026-03-14T11:19:39","slug":"condizioni-di-prenotazione-mmm","status":"publish","type":"page","link":"https:\/\/my-mountain-moments.com\/it\/condizioni-di-prenotazione-mmm\/","title":{"rendered":"Condizioni di prenotazione MMM"},"content":{"rendered":"\t\t<div data-elementor-type=\"wp-page\" data-elementor-id=\"1832\" class=\"elementor elementor-1832 elementor-1016\" data-elementor-post-type=\"page\">\n\t\t\t\t<div class=\"elementor-element elementor-element-316cc2f e-flex e-con-boxed e-con e-parent\" data-id=\"316cc2f\" data-element_type=\"container\">\n\t\t\t\t\t<div class=\"e-con-inner\">\n\t\t\t\t<div class=\"elementor-element elementor-element-857c9aa elementor-widget elementor-widget-spacer\" data-id=\"857c9aa\" data-element_type=\"widget\" data-widget_type=\"spacer.default\">\n\t\t\t\t\t\t\t<div class=\"elementor-spacer\">\n\t\t\t<div class=\"elementor-spacer-inner\"><\/div>\n\t\t<\/div>\n\t\t\t\t\t\t<\/div>\n\t\t\t\t\t<\/div>\n\t\t\t\t<\/div>\n\t\t<div class=\"elementor-element elementor-element-7fbed8e e-flex e-con-boxed e-con e-parent\" data-id=\"7fbed8e\" data-element_type=\"container\">\n\t\t\t\t\t<div class=\"e-con-inner\">\n\t\t\t\t<div class=\"elementor-element elementor-element-d3347b7 elementor-widget elementor-widget-image\" data-id=\"d3347b7\" data-element_type=\"widget\" data-widget_type=\"image.default\">\n\t\t\t\t\t\t\t\t\t\t\t\t\t\t\t<img fetchpriority=\"high\" decoding=\"async\" width=\"1920\" height=\"1448\" src=\"https:\/\/my-mountain-moments.com\/wp-content\/uploads\/2025\/12\/MMM_Logo_Icon-Standard.webp\" class=\"attachment-full size-full wp-image-1406\" alt=\"MMM My Mountain Moments Alto Adige\" srcset=\"https:\/\/my-mountain-moments.com\/wp-content\/uploads\/2025\/12\/MMM_Logo_Icon-Standard.webp 1920w, https:\/\/my-mountain-moments.com\/wp-content\/uploads\/2025\/12\/MMM_Logo_Icon-Standard-300x226.webp 300w, https:\/\/my-mountain-moments.com\/wp-content\/uploads\/2025\/12\/MMM_Logo_Icon-Standard-1024x772.webp 1024w, https:\/\/my-mountain-moments.com\/wp-content\/uploads\/2025\/12\/MMM_Logo_Icon-Standard-768x579.webp 768w, https:\/\/my-mountain-moments.com\/wp-content\/uploads\/2025\/12\/MMM_Logo_Icon-Standard-1536x1158.webp 1536w, https:\/\/my-mountain-moments.com\/wp-content\/uploads\/2025\/12\/elementor\/thumbs\/MMM_Logo_Icon-Standard-rgc29yagmld1rm26in02rhn77jasran1w88432b99c.png 106w\" sizes=\"(max-width: 1920px) 100vw, 1920px\" \/>\t\t\t\t\t\t\t\t\t\t\t\t\t\t\t<\/div>\n\t\t\t\t\t<\/div>\n\t\t\t\t<\/div>\n\t\t<div class=\"elementor-element elementor-element-16daf0c e-flex e-con-boxed e-con e-parent\" data-id=\"16daf0c\" data-element_type=\"container\">\n\t\t\t\t\t<div class=\"e-con-inner\">\n\t\t\t\t<div class=\"elementor-element elementor-element-aa2c27f elementor-widget elementor-widget-spacer\" data-id=\"aa2c27f\" data-element_type=\"widget\" data-widget_type=\"spacer.default\">\n\t\t\t\t\t\t\t<div class=\"elementor-spacer\">\n\t\t\t<div class=\"elementor-spacer-inner\"><\/div>\n\t\t<\/div>\n\t\t\t\t\t\t<\/div>\n\t\t\t\t\t<\/div>\n\t\t\t\t<\/div>\n\t\t<div class=\"elementor-element elementor-element-8a5463c e-flex e-con-boxed e-con e-parent\" data-id=\"8a5463c\" data-element_type=\"container\">\n\t\t\t\t\t<div class=\"e-con-inner\">\n\t\t\t\t<div class=\"elementor-element elementor-element-f29c209 elementor-widget elementor-widget-heading\" data-id=\"f29c209\" data-element_type=\"widget\" data-widget_type=\"heading.default\">\n\t\t\t\t\t<h2 class=\"elementor-heading-title elementor-size-default\">Condizioni di prenotazione<\/h2>\t\t\t\t<\/div>\n\t\t\t\t\t<\/div>\n\t\t\t\t<\/div>\n\t\t<div class=\"elementor-element elementor-element-55a2619 e-flex e-con-boxed e-con e-parent\" data-id=\"55a2619\" data-element_type=\"container\">\n\t\t\t\t\t<div class=\"e-con-inner\">\n\t\t\t\t<div class=\"elementor-element elementor-element-d8ac7e7 elementor-widget elementor-widget-spacer\" data-id=\"d8ac7e7\" data-element_type=\"widget\" data-widget_type=\"spacer.default\">\n\t\t\t\t\t\t\t<div class=\"elementor-spacer\">\n\t\t\t<div class=\"elementor-spacer-inner\"><\/div>\n\t\t<\/div>\n\t\t\t\t\t\t<\/div>\n\t\t\t\t\t<\/div>\n\t\t\t\t<\/div>\n\t\t<div class=\"elementor-element elementor-element-16a0480 e-flex e-con-boxed e-con e-parent\" data-id=\"16a0480\" data-element_type=\"container\">\n\t\t\t\t\t<div class=\"e-con-inner\">\n\t\t\t\t<div class=\"elementor-element elementor-element-480cd1e elementor-widget elementor-widget-text-editor\" data-id=\"480cd1e\" data-element_type=\"widget\" data-widget_type=\"text-editor.default\">\n\t\t\t\t\t\t\t\t\t<h3 data-start=\"224\" data-end=\"236\">Adults friendly 12+<\/h3>\n<p data-start=\"517\" data-end=\"626\">My Mountain Moments \u00e8 un hideaway Adults-friendly.<br data-start=\"570\" data-end=\"573\">Il soggiorno \u00e8 previsto per ospiti a partire dai 12 anni.<\/p>\n<p data-start=\"628\" data-end=\"832\">Il focus della struttura \u00e8 su quiete, rigenerazione e tempo consapevole per s\u00e9.<br data-start=\"706\" data-end=\"709\">Questa atmosfera \u00e8 particolarmente adatta agli adulti \u2013<br data-start=\"762\" data-end=\"765\">e ai ragazzi che apprezzano gi\u00e0 questo modo di arrivare e sentirsi a casa.<\/p>\n<p data-start=\"834\" data-end=\"986\">I teenager che si sentono a proprio agio in un contesto adulto<br data-start=\"891\" data-end=\"894\">e hanno esigenze simili di ritiro, riposo e natura,<br data-start=\"958\" data-end=\"961\">sono i benvenuti.<\/p>\n<p data-start=\"834\" data-end=\"986\"><br><\/p>\n<h3 data-start=\"224\" data-end=\"236\">Caparra<\/h3>\n<p data-start=\"237\" data-end=\"364\">Con la prenotazione \u00e8 dovuta una <strong data-start=\"262\" data-end=\"289\">caparra pari al 30%<\/strong> dell\u2019importo totale. <br>Ti chiediamo di effettuare il bonifico sul seguente conto:<\/p>\n<p data-start=\"366\" data-end=\"460\"><strong data-start=\"366\" data-end=\"391\">Alpine Hideaways GMBH<\/strong><br data-start=\"391\" data-end=\"394\">IBAN: <strong data-start=\"400\" data-end=\"437\">IT21 B060 4558 2700 0000 0048 405<\/strong><br data-start=\"437\" data-end=\"440\">BIC: <strong data-start=\"445\" data-end=\"460\">CRBZIT2B073<\/strong><\/p>\n<p data-start=\"462\" data-end=\"526\">oppure pagamento via <strong data-start=\"481\" data-end=\"491\">PayPal<\/strong>:<br data-start=\"492\" data-end=\"495\"><strong data-start=\"495\" data-end=\"526\"><a class=\"decorated-link cursor-pointer\" rel=\"noopener\" data-start=\"497\" data-end=\"524\">welcome@alpinehideaways.info<\/a><\/strong><\/p><p data-start=\"462\" data-end=\"526\"><strong data-start=\"495\" data-end=\"526\"><a class=\"decorated-link cursor-pointer\" rel=\"noopener\" data-start=\"497\" data-end=\"524\"><br><\/a><\/strong><\/p>\n<h3 data-start=\"533\" data-end=\"552\">Arrivo &amp; partenza<\/h3>\n<p data-start=\"553\" data-end=\"619\">Check-in: <strong data-start=\"563\" data-end=\"584\">15:00 \u2013 24:00<\/strong><br data-start=\"584\" data-end=\"587\">Check-out: <strong data-start=\"598\" data-end=\"619\">08:00 \u2013 11:00<\/strong><\/p><p data-start=\"553\" data-end=\"619\"><strong data-start=\"598\" data-end=\"619\"><br><\/strong><\/p>\n<h3 data-start=\"626\" data-end=\"648\">Struttura non fumatori<\/h3>\n<p data-start=\"649\" data-end=\"810\">Ti chiediamo comprensione: in tutta la struttura <strong data-start=\"698\" data-end=\"728\">non \u00e8 consentito fumare<\/strong>.<br data-start=\"729\" data-end=\"732\">\u00c8 consentito fumare esclusivamente all\u2019esterno (terrazza, giardino, balcone).<\/p><p data-start=\"649\" data-end=\"810\"><br><\/p>\n<h3 data-start=\"817\" data-end=\"831\">Tassa di soggiorno<\/h3>\n<p data-start=\"832\" data-end=\"876\"><strong data-start=\"832\" data-end=\"861\">\u20ac 2,90 a persona al giorno<\/strong>, dai 14 anni.<\/p><p data-start=\"832\" data-end=\"876\"><br><\/p>\n<h3 data-start=\"883\" data-end=\"898\">Animali domestici<\/h3>\n<p data-start=\"899\" data-end=\"935\">I cani non sono ammessi nell\u2019area wellness e nelle aree comuni<br>Altri animali domestici solo su richiesta: <strong data-start=\"916\" data-end=\"935\">+39 340 4708978<\/strong><\/p><p data-start=\"899\" data-end=\"935\"><strong data-start=\"916\" data-end=\"935\"><br><\/strong><\/p>\n<h3 data-start=\"942\" data-end=\"965\">Condizioni di cancellazione<\/h3>\n<p data-start=\"966\" data-end=\"1161\">Se dovessi annullare il tuo soggiorno, ci dispiace molto.<br data-start=\"1038\" data-end=\"1041\">In tal caso, ti preghiamo di informarci per tempo.<br data-start=\"1089\" data-end=\"1092\">Le cancellazioni vengono accettate <strong data-start=\"1113\" data-end=\"1143\">esclusivamente per iscritto<\/strong>.<\/p>\n<p data-start=\"1163\" data-end=\"1267\">Si applicano le seguenti condizioni di cancellazione secondo il Codice Civile italiano<br data-start=\"1235\" data-end=\"1238\">(Art. 1382 \u2013 penale contrattuale):<\/p>\n<ul data-start=\"1269\" data-end=\"1605\">\n<li data-start=\"1269\" data-end=\"1347\">\n<p data-start=\"1271\" data-end=\"1347\">Da <strong data-start=\"1274\" data-end=\"1297\">30 giorni prima dell\u2019arrivo<\/strong>: <strong data-start=\"1299\" data-end=\"1307\">30%<\/strong> dell\u2019importo totale (per prenotazioni dirette)<\/p>\n<\/li>\n<li data-start=\"1348\" data-end=\"1427\">\n<p data-start=\"1350\" data-end=\"1427\">Per le prenotazioni tramite portali, l\u2019importo delle spese di cancellazione pu\u00f2 variare<\/p>\n<\/li>\n<li data-start=\"1428\" data-end=\"1485\">\n<p data-start=\"1430\" data-end=\"1485\">Da <strong>10 giorni prima dell\u2019arrivo<\/strong>: <strong data-start=\"1457\" data-end=\"1465\">50%<\/strong> dell\u2019importo totale<\/p>\n<\/li>\n<li data-start=\"1486\" data-end=\"1605\">\n<p data-start=\"1488\" data-end=\"1605\">Da <strong>3 giorni prima dell\u2019arrivo<\/strong>, in caso di mancato arrivo, arrivo posticipato o partenza anticipata: <strong data-start=\"1578\" data-end=\"1587\">100%<\/strong> dell\u2019importo totale<\/p><\/li><\/ul><div><br><\/div>\n<h3 data-start=\"1612\" data-end=\"1642\">Tariffe non rimborsabili<\/h3>\n<p data-start=\"1643\" data-end=\"1795\">In caso di prenotazione di una tariffa non rimborsabile con relativo vantaggio di prezzo, \u00e8 dovuto <strong data-start=\"1726\" data-end=\"1794\">l\u2019intero importo della prenotazione, indipendentemente dal momento della cancellazione<\/strong>.<\/p><p data-start=\"1643\" data-end=\"1795\"><br><\/p>\n<h3 data-start=\"1802\" data-end=\"1835\">Assicurazione annullamento viaggio<\/h3>\n<p data-start=\"1836\" data-end=\"1991\">Consigliamo di stipulare un\u2019assicurazione annullamento viaggio.<\/p>\n<p>Pu\u00f2 sempre capitare qualcosa di imprevisto \u2013 cos\u00ec, in caso di necessit\u00e0, sei ben tutelato. Lorem ipsum dolor sit amet, consectetur adipiscing elit. Ut elit tellus, luctus nec ullamcorper mattis, pulvinar dapibus leo. <\/p>\t\t\t\t\t\t\t\t<\/div>\n\t\t\t\t\t<\/div>\n\t\t\t\t<\/div>\n\t\t\t\t<\/div>\n\t\t\n    <div class=\"xs_social_share_widget xs_share_url after_content \t\tmain_content  wslu-style-1 wslu-share-box-shaped wslu-fill-colored wslu-none wslu-share-horizontal wslu-theme-font-no wslu-main_content\">\n\n\t\t\n        <ul>\n\t\t\t        <\/ul>\n    <\/div> \n","protected":false},"excerpt":{"rendered":"<p>Condizioni di prenotazione Adults friendly 12+ My Mountain Moments \u00e8 un hideaway Adults-friendly.Il soggiorno \u00e8 previsto per ospiti a partire dai 12 anni. Il focus della struttura \u00e8 su quiete, rigenerazione e tempo consapevole per s\u00e9.Questa atmosfera \u00e8 particolarmente adatta agli adulti \u2013e ai ragazzi che apprezzano gi\u00e0 questo modo di arrivare e sentirsi a [&hellip;]<\/p>\n","protected":false},"author":1,"featured_media":0,"parent":0,"menu_order":0,"comment_status":"closed","ping_status":"closed","template":"","meta":{"footnotes":""},"class_list":["post-1832","page","type-page","status-publish","hentry"],"yoast_head":"<!-- This site is optimized with the Yoast SEO Premium plugin v26.8 (Yoast SEO v26.8) - https:\/\/yoast.com\/product\/yoast-seo-premium-wordpress\/ -->\n<title>Condizioni di prenotazione MMM - my-mountain-moments.com<\/title>\n<meta name=\"robots\" content=\"index, follow, max-snippet:-1, max-image-preview:large, max-video-preview:-1\" \/>\n<link rel=\"canonical\" href=\"https:\/\/my-mountain-moments.com\/it\/condizioni-di-prenotazione-mmm\/\" \/>\n<meta property=\"og:locale\" content=\"it_IT\" \/>\n<meta property=\"og:type\" content=\"article\" \/>\n<meta property=\"og:title\" content=\"Condizioni di prenotazione MMM\" \/>\n<meta property=\"og:description\" content=\"Condizioni di prenotazione Adults friendly 12+ My Mountain Moments \u00e8 un hideaway Adults-friendly.Il soggiorno \u00e8 previsto per ospiti a partire dai 12 anni. Il focus della struttura \u00e8 su quiete, rigenerazione e tempo consapevole per s\u00e9.Questa atmosfera \u00e8 particolarmente adatta agli adulti \u2013e ai ragazzi che apprezzano gi\u00e0 questo modo di arrivare e sentirsi a [&hellip;]\" \/>\n<meta property=\"og:url\" content=\"https:\/\/my-mountain-moments.com\/it\/condizioni-di-prenotazione-mmm\/\" \/>\n<meta property=\"og:site_name\" content=\"my-mountain-moments.com\" \/>\n<meta property=\"article:publisher\" content=\"https:\/\/www.facebook.com\/MMM.MyMountainMoments\" \/>\n<meta property=\"article:modified_time\" content=\"2026-03-14T11:19:39+00:00\" \/>\n<meta property=\"og:image\" content=\"https:\/\/my-mountain-moments.com\/wp-content\/uploads\/2025\/12\/MMM_Logo_Icon-Standard.webp\" \/>\n<meta name=\"twitter:card\" content=\"summary_large_image\" \/>\n<meta name=\"twitter:label1\" content=\"Tempo di lettura stimato\" \/>\n\t<meta name=\"twitter:data1\" content=\"2 minuti\" \/>\n<script type=\"application\/ld+json\" class=\"yoast-schema-graph\">{\"@context\":\"https:\/\/schema.org\",\"@graph\":[{\"@type\":\"WebPage\",\"@id\":\"https:\/\/my-mountain-moments.com\/it\/condizioni-di-prenotazione-mmm\/\",\"url\":\"https:\/\/my-mountain-moments.com\/it\/condizioni-di-prenotazione-mmm\/\",\"name\":\"Condizioni di prenotazione MMM - my-mountain-moments.com\",\"isPartOf\":{\"@id\":\"https:\/\/my-mountain-moments.com\/it\/#website\"},\"primaryImageOfPage\":{\"@id\":\"https:\/\/my-mountain-moments.com\/it\/condizioni-di-prenotazione-mmm\/#primaryimage\"},\"image\":{\"@id\":\"https:\/\/my-mountain-moments.com\/it\/condizioni-di-prenotazione-mmm\/#primaryimage\"},\"thumbnailUrl\":\"https:\/\/my-mountain-moments.com\/wp-content\/uploads\/2025\/12\/MMM_Logo_Icon-Standard.webp\",\"datePublished\":\"2026-01-21T05:45:46+00:00\",\"dateModified\":\"2026-03-14T11:19:39+00:00\",\"breadcrumb\":{\"@id\":\"https:\/\/my-mountain-moments.com\/it\/condizioni-di-prenotazione-mmm\/#breadcrumb\"},\"inLanguage\":\"it-IT\",\"potentialAction\":[{\"@type\":\"ReadAction\",\"target\":[\"https:\/\/my-mountain-moments.com\/it\/condizioni-di-prenotazione-mmm\/\"]}]},{\"@type\":\"ImageObject\",\"inLanguage\":\"it-IT\",\"@id\":\"https:\/\/my-mountain-moments.com\/it\/condizioni-di-prenotazione-mmm\/#primaryimage\",\"url\":\"https:\/\/my-mountain-moments.com\/wp-content\/uploads\/2025\/12\/MMM_Logo_Icon-Standard.webp\",\"contentUrl\":\"https:\/\/my-mountain-moments.com\/wp-content\/uploads\/2025\/12\/MMM_Logo_Icon-Standard.webp\"},{\"@type\":\"BreadcrumbList\",\"@id\":\"https:\/\/my-mountain-moments.com\/it\/condizioni-di-prenotazione-mmm\/#breadcrumb\",\"itemListElement\":[{\"@type\":\"ListItem\",\"position\":1,\"name\":\"Start\",\"item\":\"https:\/\/my-mountain-moments.com\/it\/\"},{\"@type\":\"ListItem\",\"position\":2,\"name\":\"Condizioni di prenotazione MMM\"}]},{\"@type\":\"WebSite\",\"@id\":\"https:\/\/my-mountain-moments.com\/it\/#website\",\"url\":\"https:\/\/my-mountain-moments.com\/it\/\",\"name\":\"my-mountain-moments.com\",\"description\":\"adults only hotel s\u00fcdtirol 12+\",\"publisher\":{\"@id\":\"https:\/\/my-mountain-moments.com\/it\/#organization\"},\"potentialAction\":[{\"@type\":\"SearchAction\",\"target\":{\"@type\":\"EntryPoint\",\"urlTemplate\":\"https:\/\/my-mountain-moments.com\/it\/?s={search_term_string}\"},\"query-input\":{\"@type\":\"PropertyValueSpecification\",\"valueRequired\":true,\"valueName\":\"search_term_string\"}}],\"inLanguage\":\"it-IT\"},{\"@type\":[\"Organization\",\"Place\"],\"@id\":\"https:\/\/my-mountain-moments.com\/it\/#organization\",\"name\":\"my-mountain-moments.com\",\"url\":\"https:\/\/my-mountain-moments.com\/it\/\",\"logo\":{\"@id\":\"https:\/\/my-mountain-moments.com\/it\/condizioni-di-prenotazione-mmm\/#local-main-organization-logo\"},\"image\":{\"@id\":\"https:\/\/my-mountain-moments.com\/it\/condizioni-di-prenotazione-mmm\/#local-main-organization-logo\"},\"sameAs\":[\"https:\/\/www.facebook.com\/MMM.MyMountainMoments\",\"https:\/\/www.instagram.com\/my.mountainmoments\/\"],\"telephone\":[],\"openingHoursSpecification\":[{\"@type\":\"OpeningHoursSpecification\",\"dayOfWeek\":[\"Monday\",\"Tuesday\",\"Wednesday\",\"Thursday\",\"Friday\",\"Saturday\",\"Sunday\"],\"opens\":\"09:00\",\"closes\":\"17:00\"}]},{\"@type\":\"ImageObject\",\"inLanguage\":\"it-IT\",\"@id\":\"https:\/\/my-mountain-moments.com\/it\/condizioni-di-prenotazione-mmm\/#local-main-organization-logo\",\"url\":\"https:\/\/my-mountain-moments.com\/wp-content\/uploads\/2026\/01\/MMM_Logo_Standard.webp\",\"contentUrl\":\"https:\/\/my-mountain-moments.com\/wp-content\/uploads\/2026\/01\/MMM_Logo_Standard.webp\",\"width\":1920,\"height\":710,\"caption\":\"my-mountain-moments.com\"}]}<\/script>\n<!-- \/ Yoast SEO Premium plugin. -->","yoast_head_json":{"title":"Condizioni di prenotazione MMM - my-mountain-moments.com","robots":{"index":"index","follow":"follow","max-snippet":"max-snippet:-1","max-image-preview":"max-image-preview:large","max-video-preview":"max-video-preview:-1"},"canonical":"https:\/\/my-mountain-moments.com\/it\/condizioni-di-prenotazione-mmm\/","og_locale":"it_IT","og_type":"article","og_title":"Condizioni di prenotazione MMM","og_description":"Condizioni di prenotazione Adults friendly 12+ My Mountain Moments \u00e8 un hideaway Adults-friendly.Il soggiorno \u00e8 previsto per ospiti a partire dai 12 anni. Il focus della struttura \u00e8 su quiete, rigenerazione e tempo consapevole per s\u00e9.Questa atmosfera \u00e8 particolarmente adatta agli adulti \u2013e ai ragazzi che apprezzano gi\u00e0 questo modo di arrivare e sentirsi a [&hellip;]","og_url":"https:\/\/my-mountain-moments.com\/it\/condizioni-di-prenotazione-mmm\/","og_site_name":"my-mountain-moments.com","article_publisher":"https:\/\/www.facebook.com\/MMM.MyMountainMoments","article_modified_time":"2026-03-14T11:19:39+00:00","og_image":[{"url":"https:\/\/my-mountain-moments.com\/wp-content\/uploads\/2025\/12\/MMM_Logo_Icon-Standard.webp","type":"","width":"","height":""}],"twitter_card":"summary_large_image","twitter_misc":{"Tempo di lettura stimato":"2 minuti"},"schema":{"@context":"https:\/\/schema.org","@graph":[{"@type":"WebPage","@id":"https:\/\/my-mountain-moments.com\/it\/condizioni-di-prenotazione-mmm\/","url":"https:\/\/my-mountain-moments.com\/it\/condizioni-di-prenotazione-mmm\/","name":"Condizioni di prenotazione MMM - my-mountain-moments.com","isPartOf":{"@id":"https:\/\/my-mountain-moments.com\/it\/#website"},"primaryImageOfPage":{"@id":"https:\/\/my-mountain-moments.com\/it\/condizioni-di-prenotazione-mmm\/#primaryimage"},"image":{"@id":"https:\/\/my-mountain-moments.com\/it\/condizioni-di-prenotazione-mmm\/#primaryimage"},"thumbnailUrl":"https:\/\/my-mountain-moments.com\/wp-content\/uploads\/2025\/12\/MMM_Logo_Icon-Standard.webp","datePublished":"2026-01-21T05:45:46+00:00","dateModified":"2026-03-14T11:19:39+00:00","breadcrumb":{"@id":"https:\/\/my-mountain-moments.com\/it\/condizioni-di-prenotazione-mmm\/#breadcrumb"},"inLanguage":"it-IT","potentialAction":[{"@type":"ReadAction","target":["https:\/\/my-mountain-moments.com\/it\/condizioni-di-prenotazione-mmm\/"]}]},{"@type":"ImageObject","inLanguage":"it-IT","@id":"https:\/\/my-mountain-moments.com\/it\/condizioni-di-prenotazione-mmm\/#primaryimage","url":"https:\/\/my-mountain-moments.com\/wp-content\/uploads\/2025\/12\/MMM_Logo_Icon-Standard.webp","contentUrl":"https:\/\/my-mountain-moments.com\/wp-content\/uploads\/2025\/12\/MMM_Logo_Icon-Standard.webp"},{"@type":"BreadcrumbList","@id":"https:\/\/my-mountain-moments.com\/it\/condizioni-di-prenotazione-mmm\/#breadcrumb","itemListElement":[{"@type":"ListItem","position":1,"name":"Start","item":"https:\/\/my-mountain-moments.com\/it\/"},{"@type":"ListItem","position":2,"name":"Condizioni di prenotazione MMM"}]},{"@type":"WebSite","@id":"https:\/\/my-mountain-moments.com\/it\/#website","url":"https:\/\/my-mountain-moments.com\/it\/","name":"my-mountain-moments.com","description":"adults only hotel s\u00fcdtirol 12+","publisher":{"@id":"https:\/\/my-mountain-moments.com\/it\/#organization"},"potentialAction":[{"@type":"SearchAction","target":{"@type":"EntryPoint","urlTemplate":"https:\/\/my-mountain-moments.com\/it\/?s={search_term_string}"},"query-input":{"@type":"PropertyValueSpecification","valueRequired":true,"valueName":"search_term_string"}}],"inLanguage":"it-IT"},{"@type":["Organization","Place"],"@id":"https:\/\/my-mountain-moments.com\/it\/#organization","name":"my-mountain-moments.com","url":"https:\/\/my-mountain-moments.com\/it\/","logo":{"@id":"https:\/\/my-mountain-moments.com\/it\/condizioni-di-prenotazione-mmm\/#local-main-organization-logo"},"image":{"@id":"https:\/\/my-mountain-moments.com\/it\/condizioni-di-prenotazione-mmm\/#local-main-organization-logo"},"sameAs":["https:\/\/www.facebook.com\/MMM.MyMountainMoments","https:\/\/www.instagram.com\/my.mountainmoments\/"],"telephone":[],"openingHoursSpecification":[{"@type":"OpeningHoursSpecification","dayOfWeek":["Monday","Tuesday","Wednesday","Thursday","Friday","Saturday","Sunday"],"opens":"09:00","closes":"17:00"}]},{"@type":"ImageObject","inLanguage":"it-IT","@id":"https:\/\/my-mountain-moments.com\/it\/condizioni-di-prenotazione-mmm\/#local-main-organization-logo","url":"https:\/\/my-mountain-moments.com\/wp-content\/uploads\/2026\/01\/MMM_Logo_Standard.webp","contentUrl":"https:\/\/my-mountain-moments.com\/wp-content\/uploads\/2026\/01\/MMM_Logo_Standard.webp","width":1920,"height":710,"caption":"my-mountain-moments.com"}]}},"_links":{"self":[{"href":"https:\/\/my-mountain-moments.com\/it\/wp-json\/wp\/v2\/pages\/1832","targetHints":{"allow":["GET"]}}],"collection":[{"href":"https:\/\/my-mountain-moments.com\/it\/wp-json\/wp\/v2\/pages"}],"about":[{"href":"https:\/\/my-mountain-moments.com\/it\/wp-json\/wp\/v2\/types\/page"}],"author":[{"embeddable":true,"href":"https:\/\/my-mountain-moments.com\/it\/wp-json\/wp\/v2\/users\/1"}],"replies":[{"embeddable":true,"href":"https:\/\/my-mountain-moments.com\/it\/wp-json\/wp\/v2\/comments?post=1832"}],"version-history":[{"count":1,"href":"https:\/\/my-mountain-moments.com\/it\/wp-json\/wp\/v2\/pages\/1832\/revisions"}],"predecessor-version":[{"id":1833,"href":"https:\/\/my-mountain-moments.com\/it\/wp-json\/wp\/v2\/pages\/1832\/revisions\/1833"}],"wp:attachment":[{"href":"https:\/\/my-mountain-moments.com\/it\/wp-json\/wp\/v2\/media?parent=1832"}],"curies":[{"name":"wp","href":"https:\/\/api.w.org\/{rel}","templated":true}]}}